{"id":503,"date":"2022-05-10T07:30:32","date_gmt":"2022-05-10T07:30:32","guid":{"rendered":"https:\/\/elcubilete.mx\/?page_id=503"},"modified":"2025-12-21T18:09:03","modified_gmt":"2025-12-21T18:09:03","slug":"inicio","status":"publish","type":"page","link":"https:\/\/elcubilete.mx\/","title":{"rendered":"Inicio"},"content":{"rendered":"\t\t<div data-elementor-type=\"wp-page\" data-elementor-id=\"503\" class=\"elementor elementor-503\">\n\t\t\t\t\t\t<section class=\"elementor-section elementor-top-section elementor-element elementor-element-c3c9b2c elementor-section-boxed elementor-section-height-default elementor-section-height-default\" data-id=\"c3c9b2c\" data-element_type=\"section\">\n\t\t\t\t\t\t<div class=\"elementor-container elementor-column-gap-default\">\n\t\t\t\t\t<div class=\"elementor-column elementor-col-100 elementor-top-column elementor-element elementor-element-72e2289\" data-id=\"72e2289\" data-element_type=\"column\">\n\t\t\t<div class=\"elementor-widget-wrap elementor-element-populated\">\n\t\t\t\t\t\t<div class=\"elementor-element elementor-element-67d3670 elementor-widget elementor-widget-heading\" data-id=\"67d3670\" data-element_type=\"widget\" data-widget_type=\"heading.default\">\n\t\t\t\t<div class=\"elementor-widget-container\">\n\t\t\t\t\t<h2 class=\"elementor-heading-title elementor-size-default\">celebrar, Reconocer y honrar la vida de su ser querido<\/h2>\t\t\t\t<\/div>\n\t\t\t\t<\/div>\n\t\t\t\t<section class=\"elementor-section elementor-inner-section elementor-element elementor-element-fdf5c93 elementor-section-boxed elementor-section-height-default elementor-section-height-default\" data-id=\"fdf5c93\" data-element_type=\"section\">\n\t\t\t\t\t\t<div class=\"elementor-container elementor-column-gap-default\">\n\t\t\t\t\t<div class=\"elementor-column elementor-col-50 elementor-inner-column elementor-element elementor-element-098fa1a\" data-id=\"098fa1a\" data-element_type=\"column\">\n\t\t\t<div class=\"elementor-widget-wrap elementor-element-populated\">\n\t\t\t\t\t\t<div class=\"elementor-element elementor-element-587261c elementor-widget elementor-widget-image\" data-id=\"587261c\" data-element_type=\"widget\" data-widget_type=\"image.default\">\n\t\t\t\t<div class=\"elementor-widget-container\">\n\t\t\t\t\t\t\t\t\t\t\t\t\t\t\t<img fetchpriority=\"high\" decoding=\"async\" width=\"1024\" height=\"681\" src=\"https:\/\/elcubilete.mx\/wp-content\/uploads\/2022\/05\/flowers-g80754c4db_1920-1024x681.jpg\" class=\"attachment-large size-large wp-image-734\" alt=\"\" srcset=\"https:\/\/elcubilete.mx\/wp-content\/uploads\/2022\/05\/flowers-g80754c4db_1920-1024x681.jpg 1024w, https:\/\/elcubilete.mx\/wp-content\/uploads\/2022\/05\/flowers-g80754c4db_1920-300x200.jpg 300w, https:\/\/elcubilete.mx\/wp-content\/uploads\/2022\/05\/flowers-g80754c4db_1920-768x511.jpg 768w, https:\/\/elcubilete.mx\/wp-content\/uploads\/2022\/05\/flowers-g80754c4db_1920-1536x1022.jpg 1536w, https:\/\/elcubilete.mx\/wp-content\/uploads\/2022\/05\/flowers-g80754c4db_1920.jpg 1920w\" sizes=\"(max-width: 1024px) 100vw, 1024px\" \/>\t\t\t\t\t\t\t\t\t\t\t\t\t\t\t<\/div>\n\t\t\t\t<\/div>\n\t\t\t\t<div class=\"elementor-element elementor-element-f791c33 elementor-widget elementor-widget-heading\" data-id=\"f791c33\" data-element_type=\"widget\" data-widget_type=\"heading.default\">\n\t\t\t\t<div class=\"elementor-widget-container\">\n\t\t\t\t\t<h2 class=\"elementor-heading-title elementor-size-default\">Nuestra historia<\/h2>\t\t\t\t<\/div>\n\t\t\t\t<\/div>\n\t\t\t\t<div class=\"elementor-element elementor-element-da7a148 elementor-widget elementor-widget-text-editor\" data-id=\"da7a148\" data-element_type=\"widget\" data-widget_type=\"text-editor.default\">\n\t\t\t\t<div class=\"elementor-widget-container\">\n\t\t\t\t\t\t\t\t\t<p><strong>El Cubilete, servicios funerarios,<\/strong> fue fundada en marzo de 2015, contamos con personal profesional, atento y experimentado, dispuesto a guiarlo y apoyarlo en este momento dif\u00edcil.&nbsp;<\/p>\n<p>Ofrecemos una gama de servicios personalizados,&nbsp; para satisfacer las solicitudes de nuestros clientes.&nbsp;&nbsp;<\/p>\n<p>Puede a llamarnos, en cualquier momento del d\u00eda y cualquier d\u00eda de la semana, para brindarle asistencia inmediata.&nbsp;&nbsp;<\/p>\n<p>Le invitamos a conocer un poco m\u00e1s acerca de nosotros, nuestra misi\u00f3n, visi\u00f3n y valores&#8230;&nbsp;<a title=\"Nosotros\" href=\"https:\/\/elcubilete.mx\/?page_id=509\">continuar<\/a><\/p>\t\t\t\t\t\t\t\t<\/div>\n\t\t\t\t<\/div>\n\t\t\t\t\t<\/div>\n\t\t<\/div>\n\t\t\t\t<div class=\"elementor-column elementor-col-50 elementor-inner-column elementor-element elementor-element-6c6e413\" data-id=\"6c6e413\" data-element_type=\"column\">\n\t\t\t<div class=\"elementor-widget-wrap elementor-element-populated\">\n\t\t\t\t\t\t<div class=\"elementor-element elementor-element-e2b1775 elementor-widget elementor-widget-heading\" data-id=\"e2b1775\" data-element_type=\"widget\" data-widget_type=\"heading.default\">\n\t\t\t\t<div class=\"elementor-widget-container\">\n\t\t\t\t\t<h2 class=\"elementor-heading-title elementor-size-default\">ventajas de contar con un Plan de previsi\u00f3n Funeraria<\/h2>\t\t\t\t<\/div>\n\t\t\t\t<\/div>\n\t\t\t\t<div class=\"elementor-element elementor-element-d7ce0d7 elementor-widget__width-initial elementor-widget elementor-widget-text-editor\" data-id=\"d7ce0d7\" data-element_type=\"widget\" data-widget_type=\"text-editor.default\">\n\t\t\t\t<div class=\"elementor-widget-container\">\n\t\t\t\t\t\t\t\t\t<p><strong>Planes de Previsi\u00f3n<\/strong><\/p><p>Adquirir un <strong>Plan de Previsi\u00f3n Funeraria<\/strong> es una inversi\u00f3n inteligente, y\u00a0 tiene algunas ventajas,\u00a0 como obtener un ahorro considerable en comparaci\u00f3n con un servicio de uso inmediato, adem\u00e1s de la posibilidad de personalizaci\u00f3n del servicio funerario<span style=\"font-style: inherit; font-weight: inherit; background-color: var(--ast-global-color-4); color: var(--ast-global-color-3);\">.<\/span><\/p><p><span style=\"font-style: inherit; font-weight: inherit; background-color: var(--ast-global-color-4); color: var(--ast-global-color-3);\">En <strong>El Cubilete, servicios funerarios,<\/strong>\u00a0contamos con diversos planes adecuados a sus necesidades y posibilidades, ya sea un plan personal o familiar&#8230; <a title=\"Planes de Previsi\u00f3n\" href=\"https:\/\/elcubilete.mx\/?page_id=511\">continuar<\/a><\/span><\/p>\t\t\t\t\t\t\t\t<\/div>\n\t\t\t\t<\/div>\n\t\t\t\t<div class=\"elementor-element elementor-element-587c742 elementor-widget elementor-widget-image\" data-id=\"587c742\" data-element_type=\"widget\" data-widget_type=\"image.default\">\n\t\t\t\t<div class=\"elementor-widget-container\">\n\t\t\t\t\t\t\t\t\t\t\t\t\t\t\t<img decoding=\"async\" width=\"960\" height=\"640\" src=\"https:\/\/elcubilete.mx\/wp-content\/uploads\/2022\/05\/everything-goes-g8ce231453_1920.jpg\" class=\"attachment-large size-large wp-image-437\" alt=\"\" srcset=\"https:\/\/elcubilete.mx\/wp-content\/uploads\/2022\/05\/everything-goes-g8ce231453_1920.jpg 960w, https:\/\/elcubilete.mx\/wp-content\/uploads\/2022\/05\/everything-goes-g8ce231453_1920-300x200.jpg 300w, https:\/\/elcubilete.mx\/wp-content\/uploads\/2022\/05\/everything-goes-g8ce231453_1920-768x512.jpg 768w\" sizes=\"(max-width: 960px) 100vw, 960px\" \/>\t\t\t\t\t\t\t\t\t\t\t\t\t\t\t<\/div>\n\t\t\t\t<\/div>\n\t\t\t\t\t<\/div>\n\t\t<\/div>\n\t\t\t\t\t<\/div>\n\t\t<\/section>\n\t\t\t\t<section class=\"elementor-section elementor-inner-section elementor-element elementor-element-b39492b elementor-section-boxed elementor-section-height-default elementor-section-height-default\" data-id=\"b39492b\" data-element_type=\"section\">\n\t\t\t\t\t\t<div class=\"elementor-container elementor-column-gap-default\">\n\t\t\t\t\t<div class=\"elementor-column elementor-col-50 elementor-inner-column elementor-element elementor-element-f78d68a\" data-id=\"f78d68a\" data-element_type=\"column\">\n\t\t\t<div class=\"elementor-widget-wrap elementor-element-populated\">\n\t\t\t\t\t\t<div class=\"elementor-element elementor-element-3de8810 elementor-widget elementor-widget-heading\" data-id=\"3de8810\" data-element_type=\"widget\" data-widget_type=\"heading.default\">\n\t\t\t\t<div class=\"elementor-widget-container\">\n\t\t\t\t\t<h2 class=\"elementor-heading-title elementor-size-default\">Honrando A su Ser Querido<\/h2>\t\t\t\t<\/div>\n\t\t\t\t<\/div>\n\t\t\t\t<div class=\"elementor-element elementor-element-c7f768d elementor-widget__width-initial elementor-widget elementor-widget-image\" data-id=\"c7f768d\" data-element_type=\"widget\" data-widget_type=\"image.default\">\n\t\t\t\t<div class=\"elementor-widget-container\">\n\t\t\t\t\t\t\t\t\t\t\t\t\t\t\t<img decoding=\"async\" width=\"960\" height=\"540\" src=\"https:\/\/elcubilete.mx\/wp-content\/uploads\/2022\/05\/sunset-g38851f04c_1920b.jpg\" class=\"attachment-large size-large wp-image-655\" alt=\"\" srcset=\"https:\/\/elcubilete.mx\/wp-content\/uploads\/2022\/05\/sunset-g38851f04c_1920b.jpg 960w, https:\/\/elcubilete.mx\/wp-content\/uploads\/2022\/05\/sunset-g38851f04c_1920b-300x169.jpg 300w, https:\/\/elcubilete.mx\/wp-content\/uploads\/2022\/05\/sunset-g38851f04c_1920b-768x432.jpg 768w\" sizes=\"(max-width: 960px) 100vw, 960px\" \/>\t\t\t\t\t\t\t\t\t\t\t\t\t\t\t<\/div>\n\t\t\t\t<\/div>\n\t\t\t\t<div class=\"elementor-element elementor-element-23c897a elementor-widget elementor-widget-text-editor\" data-id=\"23c897a\" data-element_type=\"widget\" data-widget_type=\"text-editor.default\">\n\t\t\t\t<div class=\"elementor-widget-container\">\n\t\t\t\t\t\t\t\t\t<p><strong>El Cubilete, servicios funerarios,<\/strong> brinda espacios solemnes donde de\u00a0 manera hermosa se reconocer, celebrar y honrar la vida de su ser querido&#8230; <a title=\"Servicios\" href=\"https:\/\/elcubilete.mx\/?page_id=671\">continuar<\/a><\/p>\t\t\t\t\t\t\t\t<\/div>\n\t\t\t\t<\/div>\n\t\t\t\t\t<\/div>\n\t\t<\/div>\n\t\t\t\t<div class=\"elementor-column elementor-col-50 elementor-inner-column elementor-element elementor-element-7c9d787\" data-id=\"7c9d787\" data-element_type=\"column\">\n\t\t\t<div class=\"elementor-widget-wrap elementor-element-populated\">\n\t\t\t\t\t\t<div class=\"elementor-element elementor-element-cf10114 elementor-widget elementor-widget-heading\" data-id=\"cf10114\" data-element_type=\"widget\" data-widget_type=\"heading.default\">\n\t\t\t\t<div class=\"elementor-widget-container\">\n\t\t\t\t\t<h2 class=\"elementor-heading-title elementor-size-default\">\u00bfqu\u00e9 es el duelo y com\u00f3 sobrellevarlo?<\/h2>\t\t\t\t<\/div>\n\t\t\t\t<\/div>\n\t\t\t\t<div class=\"elementor-element elementor-element-48a36ed elementor-widget elementor-widget-text-editor\" data-id=\"48a36ed\" data-element_type=\"widget\" data-widget_type=\"text-editor.default\">\n\t\t\t\t<div class=\"elementor-widget-container\">\n\t\t\t\t\t\t\t\t\t<p>El\u00a0<b>duelo<\/b>\u00a0es el proceso de adaptaci\u00f3n emocional que sigue a cualquier p\u00e9rdida definitiva, como la perdida de un ser querido. Cada persona reacciona de manera diferente&#8230; <a title=\"El Duelo\" href=\"https:\/\/elcubilete.mx\/?page_id=521\">continuar\u00a0<\/a><\/p>\t\t\t\t\t\t\t\t<\/div>\n\t\t\t\t<\/div>\n\t\t\t\t<div class=\"elementor-element elementor-element-b7f2e18 elementor-widget__width-initial elementor-widget elementor-widget-image\" data-id=\"b7f2e18\" data-element_type=\"widget\" data-widget_type=\"image.default\">\n\t\t\t\t<div class=\"elementor-widget-container\">\n\t\t\t\t\t\t\t\t\t\t\t\t\t\t\t<img loading=\"lazy\" decoding=\"async\" width=\"1024\" height=\"683\" src=\"https:\/\/elcubilete.mx\/wp-content\/uploads\/2022\/05\/candle-g3b3b7423b_1920-1024x683.jpg\" class=\"attachment-large size-large wp-image-435\" alt=\"\" srcset=\"https:\/\/elcubilete.mx\/wp-content\/uploads\/2022\/05\/candle-g3b3b7423b_1920-1024x683.jpg 1024w, https:\/\/elcubilete.mx\/wp-content\/uploads\/2022\/05\/candle-g3b3b7423b_1920-300x200.jpg 300w, https:\/\/elcubilete.mx\/wp-content\/uploads\/2022\/05\/candle-g3b3b7423b_1920-768x512.jpg 768w, https:\/\/elcubilete.mx\/wp-content\/uploads\/2022\/05\/candle-g3b3b7423b_1920-1536x1024.jpg 1536w, https:\/\/elcubilete.mx\/wp-content\/uploads\/2022\/05\/candle-g3b3b7423b_1920.jpg 1920w\" sizes=\"(max-width: 1024px) 100vw, 1024px\" \/>\t\t\t\t\t\t\t\t\t\t\t\t\t\t\t<\/div>\n\t\t\t\t<\/div>\n\t\t\t\t\t<\/div>\n\t\t<\/div>\n\t\t\t\t\t<\/div>\n\t\t<\/section>\n\t\t\t\t\t<\/div>\n\t\t<\/div>\n\t\t\t\t\t<\/div>\n\t\t<\/section>\n\t\t\t\t<section class=\"elementor-section elementor-top-section elementor-element elementor-element-5326a78 elementor-section-boxed elementor-section-height-default elementor-section-height-default\" data-id=\"5326a78\" data-element_type=\"section\">\n\t\t\t\t\t\t<div class=\"elementor-container elementor-column-gap-default\">\n\t\t\t\t\t<div class=\"elementor-column elementor-col-100 elementor-top-column elementor-element elementor-element-6244e96\" data-id=\"6244e96\" data-element_type=\"column\">\n\t\t\t<div class=\"elementor-widget-wrap\">\n\t\t\t\t\t\t\t<\/div>\n\t\t<\/div>\n\t\t\t\t\t<\/div>\n\t\t<\/section>\n\t\t\t\t<section class=\"elementor-section elementor-top-section elementor-element elementor-element-5d096b3 elementor-section-boxed elementor-section-height-default elementor-section-height-default\" data-id=\"5d096b3\" data-element_type=\"section\">\n\t\t\t\t\t\t<div class=\"elementor-container elementor-column-gap-default\">\n\t\t\t\t\t<div class=\"elementor-column elementor-col-100 elementor-top-column elementor-element elementor-element-9cfb241\" data-id=\"9cfb241\" data-element_type=\"column\">\n\t\t\t<div class=\"elementor-widget-wrap elementor-element-populated\">\n\t\t\t\t\t\t<div class=\"elementor-element elementor-element-c1e1c17 elementor-widget elementor-widget-heading\" data-id=\"c1e1c17\" data-element_type=\"widget\" data-widget_type=\"heading.default\">\n\t\t\t\t<div class=\"elementor-widget-container\">\n\t\t\t\t\t<h2 class=\"elementor-heading-title elementor-size-default\">obituario<\/h2>\t\t\t\t<\/div>\n\t\t\t\t<\/div>\n\t\t\t\t\t<\/div>\n\t\t<\/div>\n\t\t\t\t\t<\/div>\n\t\t<\/section>\n\t\t\t\t<section class=\"elementor-section elementor-top-section elementor-element elementor-element-d0b387c elementor-section-boxed elementor-section-height-default elementor-section-height-default\" data-id=\"d0b387c\" data-element_type=\"section\">\n\t\t\t\t\t\t<div class=\"elementor-container elementor-column-gap-default\">\n\t\t\t\t\t<div class=\"elementor-column elementor-col-100 elementor-top-column elementor-element elementor-element-dd36968\" data-id=\"dd36968\" data-element_type=\"column\">\n\t\t\t<div class=\"elementor-widget-wrap elementor-element-populated\">\n\t\t\t\t\t\t<div class=\"elementor-element elementor-element-343c7c1 elementor-widget elementor-widget-text-editor\" data-id=\"343c7c1\" data-element_type=\"widget\" data-widget_type=\"text-editor.default\">\n\t\t\t\t<div class=\"elementor-widget-container\">\n\t\t\t\t\t\t\t\t\t<p>Nombre<\/p><p>Fecha<\/p><p>texto<\/p>\t\t\t\t\t\t\t\t<\/div>\n\t\t\t\t<\/div>\n\t\t\t\t<div class=\"elementor-element elementor-element-e1f4dda elementor-widget elementor-widget-image\" data-id=\"e1f4dda\" data-element_type=\"widget\" data-widget_type=\"image.default\">\n\t\t\t\t<div class=\"elementor-widget-container\">\n\t\t\t\t\t\t\t\t\t\t\t\t\t\t\t<img loading=\"lazy\" decoding=\"async\" width=\"254\" height=\"300\" src=\"https:\/\/elcubilete.mx\/wp-content\/uploads\/2022\/05\/silhouette-g82d3c11c8_1280-254x300.png\" class=\"attachment-medium size-medium wp-image-1125\" alt=\"\" srcset=\"https:\/\/elcubilete.mx\/wp-content\/uploads\/2022\/05\/silhouette-g82d3c11c8_1280-254x300.png 254w, https:\/\/elcubilete.mx\/wp-content\/uploads\/2022\/05\/silhouette-g82d3c11c8_1280-868x1024.png 868w, https:\/\/elcubilete.mx\/wp-content\/uploads\/2022\/05\/silhouette-g82d3c11c8_1280-768x906.png 768w, https:\/\/elcubilete.mx\/wp-content\/uploads\/2022\/05\/silhouette-g82d3c11c8_1280.png 1085w\" sizes=\"(max-width: 254px) 100vw, 254px\" \/>\t\t\t\t\t\t\t\t\t\t\t\t\t\t\t<\/div>\n\t\t\t\t<\/div>\n\t\t\t\t\t<\/div>\n\t\t<\/div>\n\t\t\t\t\t<\/div>\n\t\t<\/section>\n\t\t\t\t<section class=\"elementor-section elementor-top-section elementor-element elementor-element-a5951e4 elementor-section-boxed elementor-section-height-default elementor-section-height-default\" data-id=\"a5951e4\" data-element_type=\"section\">\n\t\t\t\t\t\t<div class=\"elementor-container elementor-column-gap-default\">\n\t\t\t\t\t<div class=\"elementor-column elementor-col-100 elementor-top-column elementor-element elementor-element-3108486\" data-id=\"3108486\" data-element_type=\"column\">\n\t\t\t<div class=\"elementor-widget-wrap elementor-element-populated\">\n\t\t\t\t\t\t<div class=\"elementor-element elementor-element-22ba0fc elementor-widget elementor-widget-text-editor\" data-id=\"22ba0fc\" data-element_type=\"widget\" data-widget_type=\"text-editor.default\">\n\t\t\t\t<div class=\"elementor-widget-container\">\n\t\t\t\t\t\t\t\t\t<p>Un arreglo floral es el valor simb\u00f3lico de respeto y condolencias, es una ofrenda para honrar a los que ya no est\u00e1n.\u00a0<\/p><p>\u00a0<\/p>\t\t\t\t\t\t\t\t<\/div>\n\t\t\t\t<\/div>\n\t\t\t\t<div class=\"elementor-element elementor-element-b01088d elementor-widget elementor-widget-button\" data-id=\"b01088d\" data-element_type=\"widget\" data-widget_type=\"button.default\">\n\t\t\t\t<div class=\"elementor-widget-container\">\n\t\t\t\t\t\t\t\t\t<div class=\"elementor-button-wrapper\">\n\t\t\t\t\t<a class=\"elementor-button elementor-button-link elementor-size-sm\" href=\"https:\/\/es-la.facebook.com\/motivosgto\/\">\n\t\t\t\t\t\t<span class=\"elementor-button-content-wrapper\">\n\t\t\t\t\t\t\t\t\t<span class=\"elementor-button-text\">ENVIAR FLORES<\/span>\n\t\t\t\t\t<\/span>\n\t\t\t\t\t<\/a>\n\t\t\t\t<\/div>\n\t\t\t\t\t\t\t\t<\/div>\n\t\t\t\t<\/div>\n\t\t\t\t\t<\/div>\n\t\t<\/div>\n\t\t\t\t\t<\/div>\n\t\t<\/section>\n\t\t\t\t<section class=\"elementor-section elementor-top-section elementor-element elementor-element-710fa24 elementor-section-boxed elementor-section-height-default elementor-section-height-default\" data-id=\"710fa24\" data-element_type=\"section\">\n\t\t\t\t\t\t<div class=\"elementor-container elementor-column-gap-default\">\n\t\t\t\t\t<div class=\"elementor-column elementor-col-100 elementor-top-column elementor-element elementor-element-899d3ec\" data-id=\"899d3ec\" data-element_type=\"column\">\n\t\t\t<div class=\"elementor-widget-wrap elementor-element-populated\">\n\t\t\t\t\t\t<div class=\"elementor-element elementor-element-5c2200c elementor-widget elementor-widget-heading\" data-id=\"5c2200c\" data-element_type=\"widget\" data-widget_type=\"heading.default\">\n\t\t\t\t<div class=\"elementor-widget-container\">\n\t\t\t\t\t<h2 class=\"elementor-heading-title elementor-size-default\">s\u00cdGUENOS<\/h2>\t\t\t\t<\/div>\n\t\t\t\t<\/div>\n\t\t\t\t<div class=\"elementor-element elementor-element-add79dc elementor-widget elementor-widget-image\" data-id=\"add79dc\" data-element_type=\"widget\" data-widget_type=\"image.default\">\n\t\t\t\t<div class=\"elementor-widget-container\">\n\t\t\t\t\t\t\t\t\t\t\t\t\t\t\t<img decoding=\"async\" src=\"https:\/\/elcubilete.mx\/wp-content\/uploads\/2022\/05\/MOTIVOS.jpg\" title=\"MOTIVOS\" alt=\"MOTIVOS\" loading=\"lazy\" \/>\t\t\t\t\t\t\t\t\t\t\t\t\t\t\t<\/div>\n\t\t\t\t<\/div>\n\t\t\t\t<div class=\"elementor-element elementor-element-e434635 elementor-view-default elementor-widget elementor-widget-icon\" data-id=\"e434635\" data-element_type=\"widget\" data-widget_type=\"icon.default\">\n\t\t\t\t<div class=\"elementor-widget-container\">\n\t\t\t\t\t\t\t<div class=\"elementor-icon-wrapper\">\n\t\t\t<a class=\"elementor-icon\" href=\"https:\/\/es-la.facebook.com\/funerariaelcubilete\/\">\n\t\t\t<i aria-hidden=\"true\" class=\"fab fa-facebook\"><\/i>\t\t\t<\/a>\n\t\t<\/div>\n\t\t\t\t\t\t<\/div>\n\t\t\t\t<\/div>\n\t\t\t\t\t<\/div>\n\t\t<\/div>\n\t\t\t\t\t<\/div>\n\t\t<\/section>\n\t\t\t\t<\/div>\n\t\t","protected":false},"excerpt":{"rendered":"<p>celebrar, Reconocer y honrar la vida de su ser querido Nuestra historia El Cubilete, servicios funerarios, fue fundada en marzo de 2015, contamos con personal profesional, atento y experimentado, dispuesto a guiarlo y apoyarlo en este momento dif\u00edcil.&nbsp; Ofrecemos una gama de servicios personalizados,&nbsp; para satisfacer las solicitudes de nuestros clientes.&nbsp;&nbsp; Puede a llamarnos, en [&hellip;]<\/p>\n","protected":false},"author":1,"featured_media":0,"parent":0,"menu_order":0,"comment_status":"closed","ping_status":"closed","template":"","meta":{"om_disable_all_campaigns":false,"_monsterinsights_skip_tracking":false,"_monsterinsights_sitenote_active":false,"_monsterinsights_sitenote_note":"","_monsterinsights_sitenote_category":0,"site-sidebar-layout":"no-sidebar","site-content-layout":"page-builder","ast-site-content-layout":"default","site-content-style":"default","site-sidebar-style":"default","ast-global-header-display":"","ast-banner-title-visibility":"","ast-main-header-display":"","ast-hfb-above-header-display":"","ast-hfb-below-header-display":"","ast-hfb-mobile-header-display":"","site-post-title":"disabled","ast-breadcrumbs-content":"","ast-featured-img":"disabled","footer-sml-layout":"","ast-disable-related-posts":"","theme-transparent-header-meta":"","adv-header-id-meta":"","stick-header-meta":"","header-above-stick-meta":"","header-main-stick-meta":"","header-below-stick-meta":"","astra-migrate-meta-layouts":"default","ast-page-background-enabled":"default","ast-page-background-meta":{"desktop":{"background-color":"","background-image":"","background-repeat":"repeat","background-position":"center center","background-size":"auto","background-attachment":"scroll","background-type":"","background-media":"","overlay-type":"","overlay-color":"","overlay-opacity":"","overlay-gradient":""},"tablet":{"background-color":"","background-image":"","background-repeat":"repeat","background-position":"center center","background-size":"auto","background-attachment":"scroll","background-type":"","background-media":"","overlay-type":"","overlay-color":"","overlay-opacity":"","overlay-gradient":""},"mobile":{"background-color":"","background-image":"","background-repeat":"repeat","background-position":"center center","background-size":"auto","background-attachment":"scroll","background-type":"","background-media":"","overlay-type":"","overlay-color":"","overlay-opacity":"","overlay-gradient":""}},"ast-content-background-meta":{"desktop":{"background-color":"var(--ast-global-color-5)","background-image":"","background-repeat":"repeat","background-position":"center center","background-size":"auto","background-attachment":"scroll","background-type":"","background-media":"","overlay-type":"","overlay-color":"","overlay-opacity":"","overlay-gradient":""},"tablet":{"background-color":"var(--ast-global-color-5)","background-image":"","background-repeat":"repeat","background-position":"center center","background-size":"auto","background-attachment":"scroll","background-type":"","background-media":"","overlay-type":"","overlay-color":"","overlay-opacity":"","overlay-gradient":""},"mobile":{"background-color":"var(--ast-global-color-5)","background-image":"","background-repeat":"repeat","background-position":"center center","background-size":"auto","background-attachment":"scroll","background-type":"","background-media":"","overlay-type":"","overlay-color":"","overlay-opacity":"","overlay-gradient":""}},"footnotes":""},"class_list":["post-503","page","type-page","status-publish","hentry"],"aioseo_notices":[],"_links":{"self":[{"href":"https:\/\/elcubilete.mx\/index.php?rest_route=\/wp\/v2\/pages\/503","targetHints":{"allow":["GET"]}}],"collection":[{"href":"https:\/\/elcubilete.mx\/index.php?rest_route=\/wp\/v2\/pages"}],"about":[{"href":"https:\/\/elcubilete.mx\/index.php?rest_route=\/wp\/v2\/types\/page"}],"author":[{"embeddable":true,"href":"https:\/\/elcubilete.mx\/index.php?rest_route=\/wp\/v2\/users\/1"}],"replies":[{"embeddable":true,"href":"https:\/\/elcubilete.mx\/index.php?rest_route=%2Fwp%2Fv2%2Fcomments&post=503"}],"version-history":[{"count":175,"href":"https:\/\/elcubilete.mx\/index.php?rest_route=\/wp\/v2\/pages\/503\/revisions"}],"predecessor-version":[{"id":1520,"href":"https:\/\/elcubilete.mx\/index.php?rest_route=\/wp\/v2\/pages\/503\/revisions\/1520"}],"wp:attachment":[{"href":"https:\/\/elcubilete.mx\/index.php?rest_route=%2Fwp%2Fv2%2Fmedia&parent=503"}],"curies":[{"name":"wp","href":"https:\/\/api.w.org\/{rel}","templated":true}]}}