{"id":511,"date":"2022-05-10T07:35:57","date_gmt":"2022-05-10T07:35:57","guid":{"rendered":"https:\/\/elcubilete.mx\/?page_id=511"},"modified":"2025-07-23T19:15:07","modified_gmt":"2025-07-23T19:15:07","slug":"planes-de-prevision","status":"publish","type":"page","link":"https:\/\/elcubilete.mx\/?page_id=511","title":{"rendered":"Planes de Previsi\u00f3n"},"content":{"rendered":"\t\t<div data-elementor-type=\"wp-page\" data-elementor-id=\"511\" class=\"elementor elementor-511\">\n\t\t\t\t\t\t<section class=\"elementor-section elementor-top-section elementor-element elementor-element-ff64229 elementor-section-boxed elementor-section-height-default elementor-section-height-default\" data-id=\"ff64229\" data-element_type=\"section\">\n\t\t\t\t\t\t<div class=\"elementor-container elementor-column-gap-default\">\n\t\t\t\t\t<div class=\"elementor-column elementor-col-100 elementor-top-column elementor-element elementor-element-f210fd7\" data-id=\"f210fd7\" data-element_type=\"column\">\n\t\t\t<div class=\"elementor-widget-wrap elementor-element-populated\">\n\t\t\t\t\t\t<div class=\"elementor-element elementor-element-f4dbf9c elementor-widget elementor-widget-heading\" data-id=\"f4dbf9c\" data-element_type=\"widget\" data-widget_type=\"heading.default\">\n\t\t\t\t<div class=\"elementor-widget-container\">\n\t\t\t\t\t<h2 class=\"elementor-heading-title elementor-size-default\"><br><br>\u00bfPorque es importante un PLAN DE PREVISI\u00d3N?<\/h2>\t\t\t\t<\/div>\n\t\t\t\t<\/div>\n\t\t\t\t<div class=\"elementor-element elementor-element-e80dab0 elementor-widget elementor-widget-text-editor\" data-id=\"e80dab0\" data-element_type=\"widget\" data-widget_type=\"text-editor.default\">\n\t\t\t\t<div class=\"elementor-widget-container\">\n\t\t\t\t\t\t\t\t\t<p>Un plan de previsi\u00f3n funeraria es importante por varias razones,\u00a0 aqu\u00ed le mencionamos algunas:<\/p><ol><li><p><strong>Tranquilidad para los seres queridos<\/strong>: Al tener un plan funerario, puedes evitar que tus familiares tengan que tomar decisiones dif\u00edciles y costosas en un momento de duelo. Este tipo de planificaci\u00f3n reduce el estr\u00e9s y la incertidumbre, ya que ellos sabr\u00e1n exactamente lo que deseas.<\/p><\/li><li><p><strong>Ahorro econ\u00f3mico<\/strong>: Al planificar con antelaci\u00f3n, puedes establecer un presupuesto y asegurarte de que los costos no te tomen por sorpresa. Adem\u00e1s, muchas veces los planes de previsi\u00f3n funeraria permiten pagar a plazos o asegurar un precio fijo, lo cual puede resultar en un ahorro a largo plazo.<\/p><\/li><li><p><strong>Personalizaci\u00f3n de los deseos<\/strong>: Un plan te da la oportunidad de expresar tus deseos sobre c\u00f3mo te gustar\u00eda que fuera tu despedida, ya sea en cuanto a la ceremonia, el tipo de ata\u00fad, la ubicaci\u00f3n del entierro, entre otros. Esto asegura que todo se haga seg\u00fan tus preferencias.<\/p><\/li><li><p><strong>Alivio de la carga emocional<\/strong>: Aceptar que todos vamos a fallecer en alg\u00fan momento no es f\u00e1cil, pero tener un plan ayuda a que tus seres queridos no tengan que enfrentar el dolor de tomar decisiones bajo presi\u00f3n emocional. <\/p><\/li><\/ol><p>En resumen, tener un plan de previsi\u00f3n funeraria es una forma de proteger a tu familia, asegurarte de que tus deseos se cumplan y gestionar mejor los costos asociados con este proceso.<\/p><p>Nuestro planes de previsi\u00f3n incluyen:am<\/p>\t\t\t\t\t\t\t\t<\/div>\n\t\t\t\t<\/div>\n\t\t\t\t\t<\/div>\n\t\t<\/div>\n\t\t\t\t\t<\/div>\n\t\t<\/section>\n\t\t\t\t<section class=\"elementor-section elementor-top-section elementor-element elementor-element-d621f55 elementor-section-boxed elementor-section-height-default elementor-section-height-default\" data-id=\"d621f55\" data-element_type=\"section\">\n\t\t\t\t\t\t<div class=\"elementor-container elementor-column-gap-default\">\n\t\t\t\t\t<div class=\"elementor-column elementor-col-50 elementor-top-column elementor-element elementor-element-daa72b0\" data-id=\"daa72b0\" data-element_type=\"column\">\n\t\t\t<div class=\"elementor-widget-wrap elementor-element-populated\">\n\t\t\t\t\t\t<div class=\"elementor-element elementor-element-4f7c875 elementor-widget elementor-widget-heading\" data-id=\"4f7c875\" data-element_type=\"widget\" data-widget_type=\"heading.default\">\n\t\t\t\t<div class=\"elementor-widget-container\">\n\t\t\t\t\t<h2 class=\"elementor-heading-title elementor-size-default\">plan personal<\/h2>\t\t\t\t<\/div>\n\t\t\t\t<\/div>\n\t\t\t\t<div class=\"elementor-element elementor-element-6796610 elementor-widget elementor-widget-text-editor\" data-id=\"6796610\" data-element_type=\"widget\" data-widget_type=\"text-editor.default\">\n\t\t\t\t<div class=\"elementor-widget-container\">\n\t\t\t\t\t\t\t\t\t<p>\u00a0<\/p><p>Este plan est\u00e1 dise\u00f1ado para una sola persona y permite organizar y financiar los servicios funerarios de acuerdo a las preferencias de quien lo contrata. Es ideal para quienes desean tener el control total de su despedida, dejando a sus seres queridos\u00a0 tranquilos en un momento tan delicado. <\/p>\t\t\t\t\t\t\t\t<\/div>\n\t\t\t\t<\/div>\n\t\t\t\t\t<\/div>\n\t\t<\/div>\n\t\t\t\t<div class=\"elementor-column elementor-col-50 elementor-top-column elementor-element elementor-element-22cb5c5\" data-id=\"22cb5c5\" data-element_type=\"column\">\n\t\t\t<div class=\"elementor-widget-wrap elementor-element-populated\">\n\t\t\t\t\t\t<div class=\"elementor-element elementor-element-11768b2 elementor-widget elementor-widget-image\" data-id=\"11768b2\" data-element_type=\"widget\" data-widget_type=\"image.default\">\n\t\t\t\t<div class=\"elementor-widget-container\">\n\t\t\t\t\t\t\t\t\t\t\t\t\t\t\t<img fetchpriority=\"high\" decoding=\"async\" width=\"1024\" height=\"683\" src=\"https:\/\/elcubilete.mx\/wp-content\/uploads\/2022\/05\/fashion-g1d8e27e08_1920-1024x683.jpg\" class=\"attachment-large size-large wp-image-1034\" alt=\"\" srcset=\"https:\/\/elcubilete.mx\/wp-content\/uploads\/2022\/05\/fashion-g1d8e27e08_1920-1024x683.jpg 1024w, https:\/\/elcubilete.mx\/wp-content\/uploads\/2022\/05\/fashion-g1d8e27e08_1920-300x200.jpg 300w, https:\/\/elcubilete.mx\/wp-content\/uploads\/2022\/05\/fashion-g1d8e27e08_1920-768x512.jpg 768w, https:\/\/elcubilete.mx\/wp-content\/uploads\/2022\/05\/fashion-g1d8e27e08_1920-1536x1024.jpg 1536w, https:\/\/elcubilete.mx\/wp-content\/uploads\/2022\/05\/fashion-g1d8e27e08_1920.jpg 1920w\" sizes=\"(max-width: 1024px) 100vw, 1024px\" \/>\t\t\t\t\t\t\t\t\t\t\t\t\t\t\t<\/div>\n\t\t\t\t<\/div>\n\t\t\t\t\t<\/div>\n\t\t<\/div>\n\t\t\t\t\t<\/div>\n\t\t<\/section>\n\t\t\t\t<section class=\"elementor-section elementor-top-section elementor-element elementor-element-720ef31 elementor-section-boxed elementor-section-height-default elementor-section-height-default\" data-id=\"720ef31\" data-element_type=\"section\">\n\t\t\t\t\t\t<div class=\"elementor-container elementor-column-gap-default\">\n\t\t\t\t\t<div class=\"elementor-column elementor-col-50 elementor-top-column elementor-element elementor-element-39c028d\" data-id=\"39c028d\" data-element_type=\"column\">\n\t\t\t<div class=\"elementor-widget-wrap elementor-element-populated\">\n\t\t\t\t\t\t<div class=\"elementor-element elementor-element-1e571ad elementor-widget elementor-widget-heading\" data-id=\"1e571ad\" data-element_type=\"widget\" data-widget_type=\"heading.default\">\n\t\t\t\t<div class=\"elementor-widget-container\">\n\t\t\t\t\t<h2 class=\"elementor-heading-title elementor-size-default\">Plan familiar<\/h2>\t\t\t\t<\/div>\n\t\t\t\t<\/div>\n\t\t\t\t<div class=\"elementor-element elementor-element-6691a8f elementor-widget elementor-widget-text-editor\" data-id=\"6691a8f\" data-element_type=\"widget\" data-widget_type=\"text-editor.default\">\n\t\t\t\t<div class=\"elementor-widget-container\">\n\t\t\t\t\t\t\t\t\t<p>Este tipo de plan est\u00e1 dise\u00f1ado para cubrir a toda la familia o a un grupo de personas. Es ideal para aquellos que buscan garantizar la seguridad y tranquilidad de sus seres queridos, asegurando que el proceso funerario no sea una carga financiera o emocional para ellos.<\/p>\t\t\t\t\t\t\t\t<\/div>\n\t\t\t\t<\/div>\n\t\t\t\t\t<\/div>\n\t\t<\/div>\n\t\t\t\t<div class=\"elementor-column elementor-col-50 elementor-top-column elementor-element elementor-element-e4d6275\" data-id=\"e4d6275\" data-element_type=\"column\">\n\t\t\t<div class=\"elementor-widget-wrap elementor-element-populated\">\n\t\t\t\t\t\t<div class=\"elementor-element elementor-element-a7ebf46 elementor-widget elementor-widget-image\" data-id=\"a7ebf46\" data-element_type=\"widget\" data-widget_type=\"image.default\">\n\t\t\t\t<div class=\"elementor-widget-container\">\n\t\t\t\t\t\t\t\t\t\t\t\t\t\t\t<img decoding=\"async\" width=\"1024\" height=\"768\" src=\"https:\/\/elcubilete.mx\/wp-content\/uploads\/2022\/05\/people-g923e28c20_1920-1024x768.jpg\" class=\"attachment-large size-large wp-image-1030\" alt=\"\" srcset=\"https:\/\/elcubilete.mx\/wp-content\/uploads\/2022\/05\/people-g923e28c20_1920-1024x768.jpg 1024w, https:\/\/elcubilete.mx\/wp-content\/uploads\/2022\/05\/people-g923e28c20_1920-300x225.jpg 300w, https:\/\/elcubilete.mx\/wp-content\/uploads\/2022\/05\/people-g923e28c20_1920-768x576.jpg 768w, https:\/\/elcubilete.mx\/wp-content\/uploads\/2022\/05\/people-g923e28c20_1920-1536x1152.jpg 1536w, https:\/\/elcubilete.mx\/wp-content\/uploads\/2022\/05\/people-g923e28c20_1920.jpg 1920w\" sizes=\"(max-width: 1024px) 100vw, 1024px\" \/>\t\t\t\t\t\t\t\t\t\t\t\t\t\t\t<\/div>\n\t\t\t\t<\/div>\n\t\t\t\t\t<\/div>\n\t\t<\/div>\n\t\t\t\t\t<\/div>\n\t\t<\/section>\n\t\t\t\t<section class=\"elementor-section elementor-top-section elementor-element elementor-element-bae71cc elementor-section-boxed elementor-section-height-default elementor-section-height-default\" data-id=\"bae71cc\" data-element_type=\"section\">\n\t\t\t\t\t\t<div class=\"elementor-container elementor-column-gap-default\">\n\t\t\t\t\t<div class=\"elementor-column elementor-col-50 elementor-top-column elementor-element elementor-element-7d327a4\" data-id=\"7d327a4\" data-element_type=\"column\">\n\t\t\t<div class=\"elementor-widget-wrap elementor-element-populated\">\n\t\t\t\t\t\t<div class=\"elementor-element elementor-element-4ea9104 elementor-widget elementor-widget-heading\" data-id=\"4ea9104\" data-element_type=\"widget\" data-widget_type=\"heading.default\">\n\t\t\t\t<div class=\"elementor-widget-container\">\n\t\t\t\t\t<h2 class=\"elementor-heading-title elementor-size-default\">plan empresarial colectivo<\/h2>\t\t\t\t<\/div>\n\t\t\t\t<\/div>\n\t\t\t\t<div class=\"elementor-element elementor-element-413a728 elementor-widget elementor-widget-text-editor\" data-id=\"413a728\" data-element_type=\"widget\" data-widget_type=\"text-editor.default\">\n\t\t\t\t<div class=\"elementor-widget-container\">\n\t\t\t\t\t\t\t\t\t<p>pr\u00f3ximamente<\/p>\t\t\t\t\t\t\t\t<\/div>\n\t\t\t\t<\/div>\n\t\t\t\t\t<\/div>\n\t\t<\/div>\n\t\t\t\t<div class=\"elementor-column elementor-col-50 elementor-top-column elementor-element elementor-element-d0fd062\" data-id=\"d0fd062\" data-element_type=\"column\">\n\t\t\t<div class=\"elementor-widget-wrap elementor-element-populated\">\n\t\t\t\t\t\t<div class=\"elementor-element elementor-element-d174e29 elementor-widget elementor-widget-image\" data-id=\"d174e29\" data-element_type=\"widget\" data-widget_type=\"image.default\">\n\t\t\t\t<div class=\"elementor-widget-container\">\n\t\t\t\t\t\t\t\t\t\t\t\t\t\t\t<img decoding=\"async\" width=\"1024\" height=\"683\" src=\"https:\/\/elcubilete.mx\/wp-content\/uploads\/2022\/05\/meeting-gb974e6558_1920-1024x683.jpg\" class=\"attachment-large size-large wp-image-842\" alt=\"\" srcset=\"https:\/\/elcubilete.mx\/wp-content\/uploads\/2022\/05\/meeting-gb974e6558_1920-1024x683.jpg 1024w, https:\/\/elcubilete.mx\/wp-content\/uploads\/2022\/05\/meeting-gb974e6558_1920-300x200.jpg 300w, https:\/\/elcubilete.mx\/wp-content\/uploads\/2022\/05\/meeting-gb974e6558_1920-768x512.jpg 768w, https:\/\/elcubilete.mx\/wp-content\/uploads\/2022\/05\/meeting-gb974e6558_1920-1536x1024.jpg 1536w, https:\/\/elcubilete.mx\/wp-content\/uploads\/2022\/05\/meeting-gb974e6558_1920.jpg 1920w\" sizes=\"(max-width: 1024px) 100vw, 1024px\" \/>\t\t\t\t\t\t\t\t\t\t\t\t\t\t\t<\/div>\n\t\t\t\t<\/div>\n\t\t\t\t\t<\/div>\n\t\t<\/div>\n\t\t\t\t\t<\/div>\n\t\t<\/section>\n\t\t\t\t<section class=\"elementor-section elementor-top-section elementor-element elementor-element-efcc3ec elementor-section-boxed elementor-section-height-default elementor-section-height-default\" data-id=\"efcc3ec\" data-element_type=\"section\">\n\t\t\t\t\t\t<div class=\"elementor-container elementor-column-gap-default\">\n\t\t\t\t\t<div class=\"elementor-column elementor-col-50 elementor-top-column elementor-element elementor-element-a188532\" data-id=\"a188532\" data-element_type=\"column\">\n\t\t\t<div class=\"elementor-widget-wrap elementor-element-populated\">\n\t\t\t\t\t\t<div class=\"elementor-element elementor-element-c37e66d elementor-widget elementor-widget-heading\" data-id=\"c37e66d\" data-element_type=\"widget\" data-widget_type=\"heading.default\">\n\t\t\t\t<div class=\"elementor-widget-container\">\n\t\t\t\t\t<h2 class=\"elementor-heading-title elementor-size-default\">S\u00edguenos<\/h2>\t\t\t\t<\/div>\n\t\t\t\t<\/div>\n\t\t\t\t<div class=\"elementor-element elementor-element-09aed03 elementor-view-default elementor-widget elementor-widget-icon\" data-id=\"09aed03\" data-element_type=\"widget\" data-widget_type=\"icon.default\">\n\t\t\t\t<div class=\"elementor-widget-container\">\n\t\t\t\t\t\t\t<div class=\"elementor-icon-wrapper\">\n\t\t\t<a class=\"elementor-icon\" href=\"https:\/\/es-la.facebook.com\/funerariaelcubilete\/\">\n\t\t\t<i aria-hidden=\"true\" class=\"fab fa-facebook-square\"><\/i>\t\t\t<\/a>\n\t\t<\/div>\n\t\t\t\t\t\t<\/div>\n\t\t\t\t<\/div>\n\t\t\t\t\t<\/div>\n\t\t<\/div>\n\t\t\t\t<div class=\"elementor-column elementor-col-50 elementor-top-column elementor-element elementor-element-a41dddd\" data-id=\"a41dddd\" data-element_type=\"column\">\n\t\t\t<div class=\"elementor-widget-wrap elementor-element-populated\">\n\t\t\t\t\t\t<div class=\"elementor-element elementor-element-98863cb elementor-widget elementor-widget-heading\" data-id=\"98863cb\" data-element_type=\"widget\" data-widget_type=\"heading.default\">\n\t\t\t\t<div class=\"elementor-widget-container\">\n\t\t\t\t\t<h2 class=\"elementor-heading-title elementor-size-default\">Si desea recibir mayor informaci\u00f3n sobre nuestros planes no dude en contactarnos:<\/h2>\t\t\t\t<\/div>\n\t\t\t\t<\/div>\n\t\t\t\t<div class=\"elementor-element elementor-element-da079fd elementor-widget elementor-widget-wpforms\" data-id=\"da079fd\" data-element_type=\"widget\" data-widget_type=\"wpforms.default\">\n\t\t\t\t<div class=\"elementor-widget-container\">\n\t\t\t\t\t<div class=\"wpforms-container \" id=\"wpforms-5\"><form id=\"wpforms-form-5\" class=\"wpforms-validate wpforms-form\" data-formid=\"5\" method=\"post\" enctype=\"multipart\/form-data\" action=\"\/index.php?rest_route=%2Fwp%2Fv2%2Fpages%2F511\" data-token=\"1de748a93d6fd5f0227e7bf64d93e87b\" data-token-time=\"1778900733\"><noscript class=\"wpforms-error-noscript\">Por favor, activa JavaScript en tu navegador para completar este formulario.<\/noscript><div class=\"wpforms-field-container\"><div id=\"wpforms-5-field_3-container\" class=\"wpforms-field wpforms-field-name\" data-field-id=\"3\"><label class=\"wpforms-field-label wpforms-label-hide\">Nombre <span class=\"wpforms-required-label\">*<\/span><\/label><div class=\"wpforms-field-row wpforms-field-large\"><div class=\"wpforms-field-row-block wpforms-first wpforms-one-half\"><input type=\"text\" id=\"wpforms-5-field_3\" class=\"wpforms-field-name-first wpforms-field-required\" name=\"wpforms[fields][3][first]\" required><label for=\"wpforms-5-field_3\" class=\"wpforms-field-sublabel after\">Nombre<\/label><\/div><div class=\"wpforms-field-row-block wpforms-one-half\"><input type=\"text\" id=\"wpforms-5-field_3-last\" class=\"wpforms-field-name-last wpforms-field-required\" name=\"wpforms[fields][3][last]\" required><label for=\"wpforms-5-field_3-last\" class=\"wpforms-field-sublabel after\">Apellidos<\/label><\/div><\/div><\/div><div id=\"wpforms-5-field_4-container\" class=\"wpforms-field wpforms-field-name\" data-field-id=\"4\"><label class=\"wpforms-field-label wpforms-label-hide\" for=\"wpforms-5-field_4\">Tel\u00e9fono <span class=\"wpforms-required-label\">*<\/span><\/label><input type=\"text\" id=\"wpforms-5-field_4\" class=\"wpforms-field-large wpforms-field-required\" name=\"wpforms[fields][4]\" placeholder=\"Su n\u00famero\" required><\/div><div id=\"wpforms-5-field_1-container\" class=\"wpforms-field wpforms-field-email\" data-field-id=\"1\"><label class=\"wpforms-field-label wpforms-label-hide\" for=\"wpforms-5-field_1\">Email <span class=\"wpforms-required-label\">*<\/span><\/label><input type=\"email\" id=\"wpforms-5-field_1\" class=\"wpforms-field-large wpforms-field-required\" name=\"wpforms[fields][1]\" placeholder=\"Su Email\" spellcheck=\"false\" required><\/div><div id=\"wpforms-5-field_5-container\" class=\"wpforms-field wpforms-field-textarea\" data-field-id=\"5\"><label class=\"wpforms-field-label wpforms-label-hide\" for=\"wpforms-5-field_5\">Mensaje<\/label><textarea id=\"wpforms-5-field_5\" class=\"wpforms-field-medium\" name=\"wpforms[fields][5]\" placeholder=\"Su Mensaje\" ><\/textarea><\/div><\/div><!-- .wpforms-field-container --><div class=\"wpforms-field wpforms-field-hp\"><label for=\"wpforms-5-field-hp\" class=\"wpforms-field-label\">Message<\/label><input type=\"text\" name=\"wpforms[hp]\" id=\"wpforms-5-field-hp\" class=\"wpforms-field-medium\"><\/div><div class=\"wpforms-submit-container\" ><input type=\"hidden\" name=\"wpforms[id]\" value=\"5\"><input type=\"hidden\" name=\"page_title\" value=\"\"><input type=\"hidden\" name=\"page_url\" value=\"https:\/\/elcubilete.mx\/index.php?rest_route=\/wp\/v2\/pages\/511\"><input type=\"hidden\" name=\"url_referer\" value=\"\"><button type=\"submit\" name=\"wpforms[submit]\" id=\"wpforms-submit-5\" class=\"wpforms-submit\" data-alt-text=\"Enviando...\" data-submit-text=\"Enviar\" aria-live=\"assertive\" value=\"wpforms-submit\">Enviar<\/button><\/div><\/form><\/div>  <!-- .wpforms-container -->\t\t\t\t<\/div>\n\t\t\t\t<\/div>\n\t\t\t\t\t<\/div>\n\t\t<\/div>\n\t\t\t\t\t<\/div>\n\t\t<\/section>\n\t\t\t\t<\/div>\n\t\t","protected":false},"excerpt":{"rendered":"<p>\u00bfPorque es importante un PLAN DE PREVISI\u00d3N? Un plan de previsi\u00f3n funeraria es importante por varias razones,\u00a0 aqu\u00ed le mencionamos algunas: Tranquilidad para los seres queridos: Al tener un plan funerario, puedes evitar que tus familiares tengan que tomar decisiones dif\u00edciles y costosas en un momento de duelo. Este tipo de planificaci\u00f3n reduce el estr\u00e9s [&hellip;]<\/p>\n","protected":false},"author":1,"featured_media":0,"parent":0,"menu_order":0,"comment_status":"closed","ping_status":"closed","template":"","meta":{"om_disable_all_campaigns":false,"_monsterinsights_skip_tracking":false,"_monsterinsights_sitenote_active":false,"_monsterinsights_sitenote_note":"","_monsterinsights_sitenote_category":0,"site-sidebar-layout":"no-sidebar","site-content-layout":"page-builder","ast-site-content-layout":"default","site-content-style":"default","site-sidebar-style":"default","ast-global-header-display":"","ast-banner-title-visibility":"","ast-main-header-display":"","ast-hfb-above-header-display":"","ast-hfb-below-header-display":"","ast-hfb-mobile-header-display":"","site-post-title":"disabled","ast-breadcrumbs-content":"","ast-featured-img":"disabled","footer-sml-layout":"","ast-disable-related-posts":"","theme-transparent-header-meta":"","adv-header-id-meta":"","stick-header-meta":"","header-above-stick-meta":"","header-main-stick-meta":"","header-below-stick-meta":"","astra-migrate-meta-layouts":"default","ast-page-background-enabled":"default","ast-page-background-meta":{"desktop":{"background-color":"","background-image":"","background-repeat":"repeat","background-position":"center center","background-size":"auto","background-attachment":"scroll","background-type":"","background-media":"","overlay-type":"","overlay-color":"","overlay-opacity":"","overlay-gradient":""},"tablet":{"background-color":"","background-image":"","background-repeat":"repeat","background-position":"center center","background-size":"auto","background-attachment":"scroll","background-type":"","background-media":"","overlay-type":"","overlay-color":"","overlay-opacity":"","overlay-gradient":""},"mobile":{"background-color":"","background-image":"","background-repeat":"repeat","background-position":"center center","background-size":"auto","background-attachment":"scroll","background-type":"","background-media":"","overlay-type":"","overlay-color":"","overlay-opacity":"","overlay-gradient":""}},"ast-content-background-meta":{"desktop":{"background-color":"var(--ast-global-color-5)","background-image":"","background-repeat":"repeat","background-position":"center center","background-size":"auto","background-attachment":"scroll","background-type":"","background-media":"","overlay-type":"","overlay-color":"","overlay-opacity":"","overlay-gradient":""},"tablet":{"background-color":"var(--ast-global-color-5)","background-image":"","background-repeat":"repeat","background-position":"center center","background-size":"auto","background-attachment":"scroll","background-type":"","background-media":"","overlay-type":"","overlay-color":"","overlay-opacity":"","overlay-gradient":""},"mobile":{"background-color":"var(--ast-global-color-5)","background-image":"","background-repeat":"repeat","background-position":"center center","background-size":"auto","background-attachment":"scroll","background-type":"","background-media":"","overlay-type":"","overlay-color":"","overlay-opacity":"","overlay-gradient":""}},"footnotes":""},"class_list":["post-511","page","type-page","status-publish","hentry"],"aioseo_notices":[],"_links":{"self":[{"href":"https:\/\/elcubilete.mx\/index.php?rest_route=\/wp\/v2\/pages\/511","targetHints":{"allow":["GET"]}}],"collection":[{"href":"https:\/\/elcubilete.mx\/index.php?rest_route=\/wp\/v2\/pages"}],"about":[{"href":"https:\/\/elcubilete.mx\/index.php?rest_route=\/wp\/v2\/types\/page"}],"author":[{"embeddable":true,"href":"https:\/\/elcubilete.mx\/index.php?rest_route=\/wp\/v2\/users\/1"}],"replies":[{"embeddable":true,"href":"https:\/\/elcubilete.mx\/index.php?rest_route=%2Fwp%2Fv2%2Fcomments&post=511"}],"version-history":[{"count":88,"href":"https:\/\/elcubilete.mx\/index.php?rest_route=\/wp\/v2\/pages\/511\/revisions"}],"predecessor-version":[{"id":1504,"href":"https:\/\/elcubilete.mx\/index.php?rest_route=\/wp\/v2\/pages\/511\/revisions\/1504"}],"wp:attachment":[{"href":"https:\/\/elcubilete.mx\/index.php?rest_route=%2Fwp%2Fv2%2Fmedia&parent=511"}],"curies":[{"name":"wp","href":"https:\/\/api.w.org\/{rel}","templated":true}]}}